{"id":33046,"date":"2020-04-03T20:14:57","date_gmt":"2020-04-04T00:14:57","guid":{"rendered":"https:\/\/nouraie.com\/?post_type=product&#038;p=33046"},"modified":"2025-01-14T16:29:31","modified_gmt":"2025-01-14T21:29:31","slug":"hand-woven-persian-qashqai-kilim-3846","status":"publish","type":"product","link":"https:\/\/nouraie.com\/fr\/Persian-oriental-rugs-for-sale\/shop-canada\/hand-woven-persian-qashqai-kilim-3846\/","title":{"rendered":"Kilim Qashqai persan - 9&#039;0 &quot;x 5&#039;1&quot;"},"content":{"rendered":"<div class=\"fusion-fullwidth fullwidth-box fusion-builder-row-1 fusion-flex-container nonhundred-percent-fullwidth non-hundred-percent-height-scrolling\" style=\"--awb-border-radius-top-left:0px;--awb-border-radius-top-right:0px;--awb-border-radius-bottom-right:0px;--awb-border-radius-bottom-left:0px;--awb-flex-wrap:wrap;\" ><div class=\"fusion-builder-row fusion-row fusion-flex-align-items-flex-start fusion-flex-content-wrap\" style=\"max-width:calc( 100% + 0px );margin-left: calc(-0px \/ 2 );margin-right: calc(-0px \/ 2 );\"><div class=\"fusion-layout-column fusion_builder_column fusion-builder-column-0 fusion_builder_column_1_1 1_1 fusion-flex-column\" style=\"--awb-bg-size:cover;--awb-width-large:100%;--awb-margin-top-large:15px;--awb-spacing-right-large:0px;--awb-margin-bottom-large:15px;--awb-spacing-left-large:0px;--awb-width-medium:100%;--awb-spacing-right-medium:0px;--awb-spacing-left-medium:0px;--awb-width-small:100%;--awb-spacing-right-small:0px;--awb-spacing-left-small:0px;\"><div class=\"fusion-column-wrapper fusion-column-has-shadow fusion-flex-justify-content-flex-start fusion-content-layout-column\"><div class=\"fusion-text fusion-text-1\"><p><!--StartFragment --><\/p>\n<p>Tapis Gabbeh, tiss\u00e9s \u00e0 la main par <strong>Nomades Qashqai et Luri<\/strong> dans <strong>Les montagnes Zagros en Iran<\/strong>, incarnent des si\u00e8cles de <strong>tradition tribale et expression artistique<\/strong>. Leur <strong>poils de laine \u00e9pais, motifs spontan\u00e9s et teintures naturelles terreuses<\/strong> les distinguent des reproductions indiennes, qui ont \u00e9merg\u00e9 au cours des derni\u00e8res d\u00e9cennies pour satisfaire la demande mondiale de <strong>d\u00e9cor d&#039;inspiration tribale<\/strong>Bien que visuellement similaires, les copies indiennes manquent de <strong>patrimoine, mat\u00e9riaux et savoir-faire<\/strong> qui d\u00e9finissent un Gabbeh authentique.<\/p>\n<p><strong>Artisanat et profondeur culturelle<\/strong><\/p>\n<ul>\n<li><strong>Gabbeh persan<\/strong> \u2013 Tiss\u00e9 par <strong>tisserands tribaux iraniens<\/strong>, principalement <strong>Femmes Qashqai et Luri<\/strong>, utilisant des techniques transmises de g\u00e9n\u00e9ration en g\u00e9n\u00e9ration. Chaque tapis refl\u00e8te <strong>r\u00e9cits personnels et identit\u00e9 tribale<\/strong>, rendant chaque pi\u00e8ce unique.<\/li>\n<li><strong>Reproductions indiennes<\/strong> - Souvent <strong>produit en s\u00e9rie<\/strong> dans <strong>Jaipur, Agra ou d&#039;autres p\u00f4les textiles<\/strong>, ces tapis sont fabriqu\u00e9s par des artisans qualifi\u00e9s mais manquent de <strong>connexion culturelle profonde<\/strong> \u00e0 l&#039;h\u00e9ritage nomade de Gabbeh. Les motifs imitent la tradition, mais <strong>manque de profondeur symbolique<\/strong>.<\/li>\n<\/ul>\n<p><strong>Mat\u00e9riaux et techniques de tissage<\/strong><\/p>\n<ul>\n<li><strong>Laine fil\u00e9e \u00e0 la main et teintures naturelles<\/strong> \u2013 Les tapis iraniens Gabbeh sont tiss\u00e9s en utilisant <strong>laine fil\u00e9e \u00e0 la main \u00e0 partir de moutons locaux<\/strong>, riche en <strong>lanoline<\/strong>, qui fournit <strong>r\u00e9sistance naturelle \u00e0 l&#039;eau<\/strong> et un <strong>\u00e9clat luxueux<\/strong>. Les couleurs viennent de <strong>colorants organiques<\/strong>, tel que <strong>garance, coquilles de noix et indigo<\/strong>, assurant <strong>teintes profondes et durables<\/strong>.<\/li>\n<li><strong>Laine fil\u00e9e \u00e0 la machine et teintures chimiques<\/strong> \u2013 Les reproductions indiennes utilisent souvent <strong>m\u00e9langes de laine ou de synth\u00e9tiques trait\u00e9s en usine<\/strong>, lequel <strong>manque de douceur et de durabilit\u00e9<\/strong> des Gabbehs persans. Nombre d&#039;entre eux sont teints avec <strong>pigments chimiques<\/strong>, conduisant \u00e0 <strong>des tons plus clairs mais moins organiques<\/strong> que <strong>s&#039;estomper avec le temps<\/strong>.<\/li>\n<\/ul>\n<p><strong>Design et symbolisme<\/strong><\/p>\n<ul>\n<li><strong>Gabbeh persan authentique<\/strong> \u2013 Les dessins sont <strong>spontan\u00e9, libre et profond\u00e9ment symbolique<\/strong>, mettant en vedette <strong>formes g\u00e9om\u00e9triques, animaux stylis\u00e9s ou paysages abstraits<\/strong> inspir\u00e9 par <strong>vie nomade<\/strong>. Les irr\u00e9gularit\u00e9s sont <strong>intentionnel<\/strong> et c\u00e9l\u00e9br\u00e9 comme <strong>marques de l&#039;art humain<\/strong>.<\/li>\n<li><strong>Reproductions indiennes<\/strong> \u2013 Les motifs sont <strong>normalis\u00e9 pour un attrait de masse<\/strong>, souvent <strong>simplifiant ou omettant les motifs tribaux traditionnels<\/strong>Les couleurs ont tendance \u00e0 \u00eatre <strong>plus satur\u00e9<\/strong>, mais ils <strong>perdre l&#039;\u00e9l\u00e9gance terreuse des teintures persanes naturelles<\/strong>.<\/li>\n<\/ul>\n<p><strong>Durabilit\u00e9 et confort<\/strong><\/p>\n<ul>\n<li><strong>Les tapis persans Gabbeh ont un poil exceptionnellement \u00e9pais<\/strong>, parfois <strong>jusqu&#039;\u00e0 2,5 cm<\/strong>, fournissant <strong>une douceur et un confort in\u00e9gal\u00e9s<\/strong> sous les pieds. L&#039;utilisation du <strong>N\u0153ud persan (Senneh)<\/strong> assure une durabilit\u00e9 \u00e0 long terme.<\/li>\n<li><strong>Les versions indiennes ont tendance \u00e0 \u00eatre plus fines<\/strong>, avec <strong>densit\u00e9 de poils plus faible et n\u0153uds plus serr\u00e9s<\/strong>, les rendant <strong>moins pelucheux et plus susceptible de s&#039;user avec le temps<\/strong>.<\/li>\n<\/ul>\n<p><strong>Valeur marchande et long\u00e9vit\u00e9<\/strong><\/p>\n<ul>\n<li><strong>Les Gabbehs persans sont des pi\u00e8ces d&#039;h\u00e9ritage<\/strong>, appr\u00e9ci\u00e9s pour leur <strong>l&#039;art, l&#039;artisanat et le patrimoine culturel<\/strong>Les Gabbehs antiques et de fabrication tribale sont <strong>tr\u00e8s collectionnable<\/strong>, et les versions modernes restent <strong>investissements dans l&#039;artisanat authentique<\/strong>.<\/li>\n<li><strong>Les reproductions indiennes sont plus abordables<\/strong>, offrant une alternative \u00e9conomique. Cependant, ils manquent de <strong>profondeur historique et culturelle<\/strong>, les rendant <strong>d\u00e9coratif plut\u00f4t que de qualit\u00e9 patrimoniale<\/strong>.<\/li>\n<\/ul>\n<p><strong>Choisir un Gabbeh authentique<\/strong><\/p>\n<p>Si vous recherchez un tapis avec <strong>\u00e2me, histoire et art<\/strong>, rien ne reproduit le <strong>artisanat authentique d&#039;un Gabbeh persan<\/strong>. Soutenir <strong>tisserands nomades iraniens<\/strong> aide \u00e0 pr\u00e9server un <strong>tradition en voie de disparition<\/strong>, en veillant \u00e0 ce que ces tapis restent un <strong>expression vivante du patrimoine tribal<\/strong> plut\u00f4t qu\u2019une simple tendance esth\u00e9tique.<\/p>\n<p><!--EndFragment --><\/p>\n<\/div><\/div><\/div><\/div><\/div>","protected":false},"excerpt":{"rendered":"<ul>\n<li>Tiss\u00e9 \u00e0 la main par la tribu Qashqai<\/li>\n<li>Taille : 9&#039;0&quot; x 5&#039;1&quot; (273 x 149 cm)<\/li>\n<li>\u00c2ge : semi-antique<\/li>\n<li>100% Laine<\/li>\n<\/ul>","protected":false},"featured_media":32971,"template":"","meta":{"content-type":""},"product_brand":[],"product_cat":[49,83,196,54],"product_tag":[199,198,202,203,204,200,197,201],"class_list":{"0":"post-33046","1":"product","2":"type-product","3":"status-publish","4":"has-post-thumbnail","6":"product_cat-kilims","7":"product_cat-persian-kilims","8":"product_cat-qashqai","9":"product_cat-tribal-persian","10":"product_tag-kashkai","11":"product_tag-qashqay","12":"product_tag-gashgai","13":"product_tag-gashgay","14":"product_tag-ghashghaei","15":"product_tag-kashkay","16":"product_tag-qashqai","17":"product_tag-qashqayi","18":"pa_age-semi-antique-50-to-80-years-old","19":"pa_border-color-red","20":"pa_field-color-black","21":"pa_field-color-red","22":"pa_length-375","23":"pa_patern-all-over","24":"pa_patern-geometric","25":"pa_patern-repeated-motif","26":"pa_width-513","28":"first","29":"instock","30":"shipping-taxable","31":"product-type-simple"},"yoast_head":"<!-- This site is optimized with the Yoast SEO plugin v27.4 - https:\/\/yoast.com\/product\/yoast-seo-wordpress\/ -->\n<title>Persian Qashqai Kilim - 9&#039;0&#039;&#039; x 5&#039;1&#039;&#039; - Persian and Oriental Rug Store in Montreal<\/title>\n<meta name=\"description\" content=\"Hand woven Semi-Antique Persian Qashqai Kilim (Kelim), woven with 100% Wool. (Qashqay&#039; Kashkai Kashkay Qashqay\u0131 Gashgai Gashgay Ghashghaei in Iran)\" \/>\n<meta name=\"robots\" content=\"index, follow, max-snippet:-1, max-image-preview:large, max-video-preview:-1\" \/>\n<link rel=\"canonical\" href=\"https:\/\/nouraie.com\/fr\/Persian-oriental-rugs-for-sale\/shop-canada\/hand-woven-persian-qashqai-kilim-3846\/\" \/>\n<meta property=\"og:locale\" content=\"fr_CA\" \/>\n<meta property=\"og:type\" content=\"article\" \/>\n<meta property=\"og:title\" content=\"Persian Qashqai Kilim - 9&#039;0&#039;&#039; x 5&#039;1&#039;&#039; - Persian and Oriental Rug Store in Montreal\" \/>\n<meta property=\"og:description\" content=\"Hand woven Semi-Antique Persian Qashqai Kilim (Kelim), woven with 100% Wool. (Qashqay&#039; Kashkai Kashkay Qashqay\u0131 Gashgai Gashgay Ghashghaei in Iran)\" \/>\n<meta property=\"og:url\" content=\"https:\/\/nouraie.com\/fr\/Persian-oriental-rugs-for-sale\/shop-canada\/hand-woven-persian-qashqai-kilim-3846\/\" \/>\n<meta property=\"og:site_name\" content=\"Persian and Oriental Rug Store in Montreal\" \/>\n<meta property=\"article:publisher\" content=\"https:\/\/www.facebook.com\/TapisNouraie\" \/>\n<meta property=\"article:modified_time\" content=\"2025-01-14T21:29:31+00:00\" \/>\n<meta property=\"og:image\" content=\"https:\/\/nouraie.com\/wp-content\/uploads\/2020\/04\/3846-scaled-scaled-576x1025.jpg\" \/>\n\t<meta property=\"og:image:width\" content=\"576\" \/>\n\t<meta property=\"og:image:height\" content=\"1025\" \/>\n\t<meta property=\"og:image:type\" content=\"image\/jpeg\" \/>\n<meta name=\"twitter:card\" content=\"summary_large_image\" \/>\n<script type=\"application\/ld+json\" class=\"yoast-schema-graph\">{\"@context\":\"https:\\\/\\\/schema.org\",\"@graph\":[{\"@type\":\"WebPage\",\"@id\":\"https:\\\/\\\/nouraie.com\\\/Persian-oriental-rugs-for-sale\\\/shop-canada\\\/hand-woven-persian-qashqai-kilim-3846\\\/\",\"url\":\"https:\\\/\\\/nouraie.com\\\/Persian-oriental-rugs-for-sale\\\/shop-canada\\\/hand-woven-persian-qashqai-kilim-3846\\\/\",\"name\":\"Persian Qashqai Kilim - 9'0'' x 5'1'' - Persian and Oriental Rug Store in Montreal\",\"isPartOf\":{\"@id\":\"https:\\\/\\\/nouraie.com\\\/#website\"},\"primaryImageOfPage\":{\"@id\":\"https:\\\/\\\/nouraie.com\\\/Persian-oriental-rugs-for-sale\\\/shop-canada\\\/hand-woven-persian-qashqai-kilim-3846\\\/#primaryimage\"},\"image\":{\"@id\":\"https:\\\/\\\/nouraie.com\\\/Persian-oriental-rugs-for-sale\\\/shop-canada\\\/hand-woven-persian-qashqai-kilim-3846\\\/#primaryimage\"},\"thumbnailUrl\":\"https:\\\/\\\/nouraie.com\\\/wp-content\\\/uploads\\\/2020\\\/04\\\/3846-scaled-scaled.jpg\",\"datePublished\":\"2020-04-04T00:14:57+00:00\",\"dateModified\":\"2025-01-14T21:29:31+00:00\",\"description\":\"Hand woven Semi-Antique Persian Qashqai Kilim (Kelim), woven with 100% Wool. (Qashqay' Kashkai Kashkay Qashqay\u0131 Gashgai Gashgay Ghashghaei in Iran)\",\"breadcrumb\":{\"@id\":\"https:\\\/\\\/nouraie.com\\\/Persian-oriental-rugs-for-sale\\\/shop-canada\\\/hand-woven-persian-qashqai-kilim-3846\\\/#breadcrumb\"},\"inLanguage\":\"fr-CA\",\"potentialAction\":[{\"@type\":\"ReadAction\",\"target\":[\"https:\\\/\\\/nouraie.com\\\/Persian-oriental-rugs-for-sale\\\/shop-canada\\\/hand-woven-persian-qashqai-kilim-3846\\\/\"]}]},{\"@type\":\"ImageObject\",\"inLanguage\":\"fr-CA\",\"@id\":\"https:\\\/\\\/nouraie.com\\\/Persian-oriental-rugs-for-sale\\\/shop-canada\\\/hand-woven-persian-qashqai-kilim-3846\\\/#primaryimage\",\"url\":\"https:\\\/\\\/nouraie.com\\\/wp-content\\\/uploads\\\/2020\\\/04\\\/3846-scaled-scaled.jpg\",\"contentUrl\":\"https:\\\/\\\/nouraie.com\\\/wp-content\\\/uploads\\\/2020\\\/04\\\/3846-scaled-scaled.jpg\",\"width\":1376,\"height\":2450,\"caption\":\"Hand woven Semi-Antique Persian Qashqai Kilim (Kelim), woven with 100% Wool\"},{\"@type\":\"BreadcrumbList\",\"@id\":\"https:\\\/\\\/nouraie.com\\\/Persian-oriental-rugs-for-sale\\\/shop-canada\\\/hand-woven-persian-qashqai-kilim-3846\\\/#breadcrumb\",\"itemListElement\":[{\"@type\":\"ListItem\",\"position\":1,\"name\":\"Home\",\"item\":\"https:\\\/\\\/nouraie.com\\\/\"},{\"@type\":\"ListItem\",\"position\":2,\"name\":\"Tapis Nouraie &#8211; La selection la plus large de Tapis Persans et Orientaux de Montreal\",\"item\":\"https:\\\/\\\/nouraie.com\\\/home\\\/\"},{\"@type\":\"ListItem\",\"position\":3,\"name\":\"Persian Qashqai Kilim &#8211; 9&#8217;0&#8221; x 5&#8217;1&#8221;\"}]},{\"@type\":\"WebSite\",\"@id\":\"https:\\\/\\\/nouraie.com\\\/#website\",\"url\":\"https:\\\/\\\/nouraie.com\\\/\",\"name\":\"Les Tapis Persans & Orientaux Nouraie\",\"description\":\"Montreal based Store of Persian &amp; Oriental Rugs\",\"publisher\":{\"@id\":\"https:\\\/\\\/nouraie.com\\\/#organization\"},\"alternateName\":\"Nouraie Persian & Oriental Rug's\",\"potentialAction\":[{\"@type\":\"SearchAction\",\"target\":{\"@type\":\"EntryPoint\",\"urlTemplate\":\"https:\\\/\\\/nouraie.com\\\/?s={search_term_string}\"},\"query-input\":{\"@type\":\"PropertyValueSpecification\",\"valueRequired\":true,\"valueName\":\"search_term_string\"}}],\"inLanguage\":\"fr-CA\"},{\"@type\":\"Organization\",\"@id\":\"https:\\\/\\\/nouraie.com\\\/#organization\",\"name\":\"Tapis Nouraie\",\"url\":\"https:\\\/\\\/nouraie.com\\\/\",\"logo\":{\"@type\":\"ImageObject\",\"inLanguage\":\"fr-CA\",\"@id\":\"https:\\\/\\\/nouraie.com\\\/#\\\/schema\\\/logo\\\/image\\\/\",\"url\":\"https:\\\/\\\/nouraie.com\\\/wp-content\\\/uploads\\\/2019\\\/02\\\/logo-retina.jpg\",\"contentUrl\":\"https:\\\/\\\/nouraie.com\\\/wp-content\\\/uploads\\\/2019\\\/02\\\/logo-retina.jpg\",\"width\":210,\"height\":160,\"caption\":\"Tapis Nouraie\"},\"image\":{\"@id\":\"https:\\\/\\\/nouraie.com\\\/#\\\/schema\\\/logo\\\/image\\\/\"},\"sameAs\":[\"https:\\\/\\\/www.facebook.com\\\/TapisNouraie\",\"https:\\\/\\\/www.instagram.com\\\/tapisnouraie\\\/\",\"https:\\\/\\\/www.pinterest.ca\\\/tapisnouraie\\\/\"]}]}<\/script>\n<!-- \/ Yoast SEO plugin. -->","yoast_head_json":{"title":"Persian Qashqai Kilim - 9'0'' x 5'1'' - Persian and Oriental Rug Store in Montreal","description":"Hand woven Semi-Antique Persian Qashqai Kilim (Kelim), woven with 100% Wool. (Qashqay' Kashkai Kashkay Qashqay\u0131 Gashgai Gashgay Ghashghaei in Iran)","robots":{"index":"index","follow":"follow","max-snippet":"max-snippet:-1","max-image-preview":"max-image-preview:large","max-video-preview":"max-video-preview:-1"},"canonical":"https:\/\/nouraie.com\/fr\/Persian-oriental-rugs-for-sale\/shop-canada\/hand-woven-persian-qashqai-kilim-3846\/","og_locale":"fr_CA","og_type":"article","og_title":"Persian Qashqai Kilim - 9'0'' x 5'1'' - Persian and Oriental Rug Store in Montreal","og_description":"Hand woven Semi-Antique Persian Qashqai Kilim (Kelim), woven with 100% Wool. (Qashqay' Kashkai Kashkay Qashqay\u0131 Gashgai Gashgay Ghashghaei in Iran)","og_url":"https:\/\/nouraie.com\/fr\/Persian-oriental-rugs-for-sale\/shop-canada\/hand-woven-persian-qashqai-kilim-3846\/","og_site_name":"Persian and Oriental Rug Store in Montreal","article_publisher":"https:\/\/www.facebook.com\/TapisNouraie","article_modified_time":"2025-01-14T21:29:31+00:00","og_image":[{"width":576,"height":1025,"url":"https:\/\/nouraie.com\/wp-content\/uploads\/2020\/04\/3846-scaled-scaled-576x1025.jpg","type":"image\/jpeg"}],"twitter_card":"summary_large_image","schema":{"@context":"https:\/\/schema.org","@graph":[{"@type":"WebPage","@id":"https:\/\/nouraie.com\/Persian-oriental-rugs-for-sale\/shop-canada\/hand-woven-persian-qashqai-kilim-3846\/","url":"https:\/\/nouraie.com\/Persian-oriental-rugs-for-sale\/shop-canada\/hand-woven-persian-qashqai-kilim-3846\/","name":"Persian Qashqai Kilim - 9'0'' x 5'1'' - Persian and Oriental Rug Store in Montreal","isPartOf":{"@id":"https:\/\/nouraie.com\/#website"},"primaryImageOfPage":{"@id":"https:\/\/nouraie.com\/Persian-oriental-rugs-for-sale\/shop-canada\/hand-woven-persian-qashqai-kilim-3846\/#primaryimage"},"image":{"@id":"https:\/\/nouraie.com\/Persian-oriental-rugs-for-sale\/shop-canada\/hand-woven-persian-qashqai-kilim-3846\/#primaryimage"},"thumbnailUrl":"https:\/\/nouraie.com\/wp-content\/uploads\/2020\/04\/3846-scaled-scaled.jpg","datePublished":"2020-04-04T00:14:57+00:00","dateModified":"2025-01-14T21:29:31+00:00","description":"Hand woven Semi-Antique Persian Qashqai Kilim (Kelim), woven with 100% Wool. (Qashqay' Kashkai Kashkay Qashqay\u0131 Gashgai Gashgay Ghashghaei in Iran)","breadcrumb":{"@id":"https:\/\/nouraie.com\/Persian-oriental-rugs-for-sale\/shop-canada\/hand-woven-persian-qashqai-kilim-3846\/#breadcrumb"},"inLanguage":"fr-CA","potentialAction":[{"@type":"ReadAction","target":["https:\/\/nouraie.com\/Persian-oriental-rugs-for-sale\/shop-canada\/hand-woven-persian-qashqai-kilim-3846\/"]}]},{"@type":"ImageObject","inLanguage":"fr-CA","@id":"https:\/\/nouraie.com\/Persian-oriental-rugs-for-sale\/shop-canada\/hand-woven-persian-qashqai-kilim-3846\/#primaryimage","url":"https:\/\/nouraie.com\/wp-content\/uploads\/2020\/04\/3846-scaled-scaled.jpg","contentUrl":"https:\/\/nouraie.com\/wp-content\/uploads\/2020\/04\/3846-scaled-scaled.jpg","width":1376,"height":2450,"caption":"Hand woven Semi-Antique Persian Qashqai Kilim (Kelim), woven with 100% Wool"},{"@type":"BreadcrumbList","@id":"https:\/\/nouraie.com\/Persian-oriental-rugs-for-sale\/shop-canada\/hand-woven-persian-qashqai-kilim-3846\/#breadcrumb","itemListElement":[{"@type":"ListItem","position":1,"name":"Home","item":"https:\/\/nouraie.com\/"},{"@type":"ListItem","position":2,"name":"Tapis Nouraie &#8211; La selection la plus large de Tapis Persans et Orientaux de Montreal","item":"https:\/\/nouraie.com\/home\/"},{"@type":"ListItem","position":3,"name":"Persian Qashqai Kilim &#8211; 9&#8217;0&#8221; x 5&#8217;1&#8221;"}]},{"@type":"WebSite","@id":"https:\/\/nouraie.com\/#website","url":"https:\/\/nouraie.com\/","name":"Les Tapis Persans & Orientaux Nouraie","description":"Montreal based Store of Persian &amp; Oriental Rugs","publisher":{"@id":"https:\/\/nouraie.com\/#organization"},"alternateName":"Nouraie Persian & Oriental Rug's","potentialAction":[{"@type":"SearchAction","target":{"@type":"EntryPoint","urlTemplate":"https:\/\/nouraie.com\/?s={search_term_string}"},"query-input":{"@type":"PropertyValueSpecification","valueRequired":true,"valueName":"search_term_string"}}],"inLanguage":"fr-CA"},{"@type":"Organization","@id":"https:\/\/nouraie.com\/#organization","name":"Tapis Nouraie","url":"https:\/\/nouraie.com\/","logo":{"@type":"ImageObject","inLanguage":"fr-CA","@id":"https:\/\/nouraie.com\/#\/schema\/logo\/image\/","url":"https:\/\/nouraie.com\/wp-content\/uploads\/2019\/02\/logo-retina.jpg","contentUrl":"https:\/\/nouraie.com\/wp-content\/uploads\/2019\/02\/logo-retina.jpg","width":210,"height":160,"caption":"Tapis Nouraie"},"image":{"@id":"https:\/\/nouraie.com\/#\/schema\/logo\/image\/"},"sameAs":["https:\/\/www.facebook.com\/TapisNouraie","https:\/\/www.instagram.com\/tapisnouraie\/","https:\/\/www.pinterest.ca\/tapisnouraie\/"]}]}},"_links":{"self":[{"href":"https:\/\/nouraie.com\/fr\/wp-json\/wp\/v2\/product\/33046","targetHints":{"allow":["GET"]}}],"collection":[{"href":"https:\/\/nouraie.com\/fr\/wp-json\/wp\/v2\/product"}],"about":[{"href":"https:\/\/nouraie.com\/fr\/wp-json\/wp\/v2\/types\/product"}],"wp:featuredmedia":[{"embeddable":true,"href":"https:\/\/nouraie.com\/fr\/wp-json\/wp\/v2\/media\/32971"}],"wp:attachment":[{"href":"https:\/\/nouraie.com\/fr\/wp-json\/wp\/v2\/media?parent=33046"}],"wp:term":[{"taxonomy":"product_brand","embeddable":true,"href":"https:\/\/nouraie.com\/fr\/wp-json\/wp\/v2\/product_brand?post=33046"},{"taxonomy":"product_cat","embeddable":true,"href":"https:\/\/nouraie.com\/fr\/wp-json\/wp\/v2\/product_cat?post=33046"},{"taxonomy":"product_tag","embeddable":true,"href":"https:\/\/nouraie.com\/fr\/wp-json\/wp\/v2\/product_tag?post=33046"}],"curies":[{"name":"wp","href":"https:\/\/api.w.org\/{rel}","templated":true}]}}